{"id":8,"date":"2019-01-02T14:59:57","date_gmt":"2019-01-02T13:59:57","guid":{"rendered":"http:\/\/idln.fr\/?page_id=8"},"modified":"2021-04-16T08:39:05","modified_gmt":"2021-04-16T06:39:05","slug":"accueil","status":"publish","type":"page","link":"https:\/\/idln.fr\/","title":{"rendered":"\u039a\u03b1\u03bb\u03bf\u03c3\u03ae\u03c1\u03b8\u03b1\u03c4\u03b5!"},"content":{"rendered":"<div><img loading=\"lazy\" class=\"alignnone  wp-image-86\" src=\"http:\/\/idln.fr\/wp-content\/uploads\/2019\/03\/Bannie\u0300re-IDLN-2019-300x66.png\" alt=\"\" width=\"495\" height=\"109\" srcset=\"https:\/\/idln.fr\/wp-content\/uploads\/2019\/03\/Bannie\u0300re-IDLN-2019-300x66.png 300w, https:\/\/idln.fr\/wp-content\/uploads\/2019\/03\/Bannie\u0300re-IDLN-2019-768x169.png 768w, https:\/\/idln.fr\/wp-content\/uploads\/2019\/03\/Bannie\u0300re-IDLN-2019-1024x225.png 1024w, https:\/\/idln.fr\/wp-content\/uploads\/2019\/03\/Bannie\u0300re-IDLN-2019-1568x344.png 1568w\" sizes=\"(max-width: 495px) 100vw, 495px\" \/><\/div>\n<div>\u00ab\u00a0IDLN, des Id\u00e9es, des Hell\u00e8nes\u00a0\u00bb, c&rsquo;est l\u2019\u00e9mission francophone des amoureux de la Gr\u00e8ce, qui vous parle de la Gr\u00e8ce, autrement, sous le signe de l&rsquo;ouverture et de la bonne humeur. Hermione aux commandes vous propose de faire rayonner la Gr\u00e8ce en mettant en avant les talents et les initiatives des Grecs et Philhell\u00e8nes d&rsquo;Ile de France, loin des clich\u00e9s.<\/div>\n<div><\/div>\n<div>Au programme :<\/div>\n<div>&#8211; Les artistes du mois de l&rsquo;agenda culturel grec en Ile de France, en particulier gr\u00e2ce aux morceaux 100% grecs diffus\u00e9s<\/div>\n<div>&#8211; Une initiative mise en avant gr\u00e2ce \u00e0 un invit\u00e9 ou un groupe grec ou philhell\u00e8ne (entrepreneurs, enseignants de langues anciennes ou grec moderne, artistes,&#8230;)<\/div>\n<div>&#8211; La rubrique Art Antique d&rsquo;Eric<\/div>\n<div>&#8211; La #ChroniqueMythoEtymo d&rsquo;Hermione pour vulgariser les mythes antiques gr\u00e2ce \u00e0 des anecdotes de l&rsquo;actualit\u00e9 et des \u00e9tymologies \u00e9tonnantes<\/div>\n","protected":false},"excerpt":{"rendered":"<p>\u00ab\u00a0IDLN, des Id\u00e9es, des Hell\u00e8nes\u00a0\u00bb, c&rsquo;est l\u2019\u00e9mission francophone des amoureux de la Gr\u00e8ce, qui vous parle de la Gr\u00e8ce, autrement, sous le signe de l&rsquo;ouverture et de la bonne humeur. Hermione aux commandes vous propose de faire rayonner la Gr\u00e8ce en mettant en avant les talents et les initiatives des Grecs et Philhell\u00e8nes d&rsquo;Ile de [&hellip;]<\/p>\n","protected":false},"author":1,"featured_media":0,"parent":0,"menu_order":0,"comment_status":"closed","ping_status":"closed","template":"","meta":[],"_links":{"self":[{"href":"https:\/\/idln.fr\/index.php\/wp-json\/wp\/v2\/pages\/8"}],"collection":[{"href":"https:\/\/idln.fr\/index.php\/wp-json\/wp\/v2\/pages"}],"about":[{"href":"https:\/\/idln.fr\/index.php\/wp-json\/wp\/v2\/types\/page"}],"author":[{"embeddable":true,"href":"https:\/\/idln.fr\/index.php\/wp-json\/wp\/v2\/users\/1"}],"replies":[{"embeddable":true,"href":"https:\/\/idln.fr\/index.php\/wp-json\/wp\/v2\/comments?post=8"}],"version-history":[{"count":6,"href":"https:\/\/idln.fr\/index.php\/wp-json\/wp\/v2\/pages\/8\/revisions"}],"predecessor-version":[{"id":114,"href":"https:\/\/idln.fr\/index.php\/wp-json\/wp\/v2\/pages\/8\/revisions\/114"}],"wp:attachment":[{"href":"https:\/\/idln.fr\/index.php\/wp-json\/wp\/v2\/media?parent=8"}],"curies":[{"name":"wp","href":"https:\/\/api.w.org\/{rel}","templated":true}]}}